{"id":487,"date":"2020-07-17T18:51:19","date_gmt":"2020-07-17T16:51:19","guid":{"rendered":"https:\/\/www.porlasramas.co\/?page_id=487"},"modified":"2021-03-23T10:40:23","modified_gmt":"2021-03-23T09:40:23","slug":"aviso-legal-y-politica-de-privacidad","status":"publish","type":"page","link":"https:\/\/www.porlasramas.co\/index.php\/aviso-legal-y-politica-de-privacidad\/","title":{"rendered":"Aviso legal y pol\u00edtica de privacidad"},"content":{"rendered":"\n<blockquote class=\"wp-block-quote\"><p><em>Gracias por visitar mi p\u00e1gina web <strong><a href=\"https:\/\/www.porlasramas.co\/\">Por las ramas<\/a><\/strong> y por tomar el tiempo de leer los t\u00e9rminos y condiciones de uso. <em>No olviden leer tambi\u00e9n<\/em> las pol\u00edticas sobre Privacidad y Manejo de Informaci\u00f3n y Cookies (de chocolate).<\/em> <\/p><\/blockquote>\n\n\n\n<hr class=\"wp-block-separator\"\/>\n\n\n\n<div class=\"wp-block-image\"><figure class=\"aligncenter size-large\"><img loading=\"lazy\" width=\"800\" height=\"532\" src=\"https:\/\/www.porlasramas.co\/wp-content\/uploads\/2020\/10\/mono-mira-al-frente.jpg\" alt=\"Un mono mirando al fotografo\" class=\"wp-image-1034\" srcset=\"https:\/\/www.porlasramas.co\/wp-content\/uploads\/2020\/10\/mono-mira-al-frente.jpg 800w, https:\/\/www.porlasramas.co\/wp-content\/uploads\/2020\/10\/mono-mira-al-frente-300x200.jpg 300w, https:\/\/www.porlasramas.co\/wp-content\/uploads\/2020\/10\/mono-mira-al-frente-768x511.jpg 768w\" sizes=\"(max-width: 800px) 100vw, 800px\" \/><\/figure><\/div>\n\n\n\n<hr class=\"wp-block-separator\"\/>\n\n\n\n<h2>Juanita: la due\u00f1a y se\u00f1ora del blog Por las Ramas<\/h2>\n\n\n\n<h3>La titular de la p\u00e1gina internet y responsable de su contenido, soy yo, Juanita S\u00e1nchez Mojica Deperraz, domiciliada en 18 avenue des Harmonies 74960 Annecy, Francia.&nbsp; &nbsp;&nbsp;&nbsp;<\/h3>\n\n\n\n<p><strong>Para cualquier informaci\u00f3n sobre esta p\u00e1gina<\/strong>, pueden: escribirme a la direcci\u00f3n postal arriba indicada,<strong> <a href=\"https:\/\/www.porlasramas.co\/index.php\/contacto\/\">contactarme via el formulario o enviarme un e-mail<\/a><\/strong>.<\/p>\n\n\n\n<h3>Al ingresar en <a href=\"https:\/\/www.porlasramas.co\/\">Por las ramas<\/a>, mi invitado acepta expresamente los T\u00e9rminos de Uso, Derechos de Autor y Pol\u00edtica de Privacidad de este sitio web.<\/h3>\n\n\n\n<h2>Uso del sitio Web <\/h2>\n\n\n\n<p><strong>Por las ramas <\/strong>proporciona el acceso a informaciones y datos, que he escrito y trabajado (con amor).<strong> Su contenido es (evidentemente), m\u00edo, pero quiero compartirlo y publicarlo con ustedes por medio de este blog.<\/strong> Su objetivo es informar y entretener. <\/p>\n\n\n\n<p><strong>Los invito a entrar en mi p\u00e1gina, a navegar, leer y comentar lo que publico<\/strong>. Como decimos en Francia, <em>faites comme chez vous<\/em>. <\/p>\n\n\n\n<p>Ahora, en esta p\u00e1gina, como en cualquier sitio, cada cual es responsable de c\u00f3mo se comporte y de lo que diga durante su visita. <\/p>\n\n\n\n<p><strong>La due\u00f1a de casa no es responsable de las opiniones de mis hu\u00e9spedes<\/strong>, <strong>tanto en el blog<\/strong> Por las ramas como <strong>en otras<\/strong> <strong>plataformas digitales<\/strong> que se creen alrededor de la p\u00e1gina web. <strong>En cualquier caso, se reserva el derecho de retirar aquellos comentarios y aportaciones que considere irrespetuosos o que, su juicio, no resulten adecuados en su casa<\/strong>. Ser\u00e1n <strong>eliminadas <\/strong><em>ipso facto<\/em> las observaciones que <strong>vulneren <\/strong>el respeto a la <strong>dignidad<\/strong> de la persona, que sean <strong>discriminatorias<\/strong>, <strong>xen\u00f3fobas<\/strong>, <strong>racistas<\/strong>, <strong>pornogr\u00e1ficas<\/strong>, que <strong>atenten <\/strong>contra la juventud o la <strong>infancia<\/strong>, el <strong>orden <\/strong>o la <strong>seguridad p\u00fablica<\/strong> o que, en mi parecer no resulten adecuados para esta publicaci\u00f3n. <\/p>\n\n\n\n<p><\/p>\n\n\n\n<p> <\/p>\n\n\n\n<p><\/p>\n\n\n\n<h2>Propriedad intelectual e industrial<\/h2>\n\n\n\n<p>Para aquellos que (a\u00fan)no me conocen, <strong>en otra vida estudi\u00e9 derecho <\/strong>y tuve la suerte de trabajar en una oficina de abogados especializada en propiedad intelectual. <strong>Entender\u00e1n que tengo una especial sensibilidad en este tema y quiero proteger lo que escribo. <\/strong><\/p>\n\n\n\n<p>As\u00ed las cosas (y como dir\u00edan mis compa\u00f1eros abogados), <strong>yo soy la titular<\/strong> (por m\u00ed misma o por cesionario) <strong>de todos los derechos de propiedad intelectual e industrial de esta p\u00e1gina web,<\/strong> as\u00ed como de los contenidos publicados en la misma (textos, im\u00e1genes, sonido, audio, v\u00eddeo, software; marcas o logotipos, combinaciones de colores, estructura y dise\u00f1o, selecci\u00f3n de materiales usados, programas de ordenador necesarios para su funcionamiento, acceso y uso, etc). <\/p>\n\n\n\n<h3>Mimono es creaci\u00f3n m\u00eda.<\/h3>\n\n\n\n<h2>Licencia Creative Commons<\/h2>\n\n\n\n<p>Pienso que Internet es una fabulosa herramienta para que las ideas sean difundidas a un m\u00e1ximo de personas. Por eso lo escog\u00ed como soporte: quiero que mis escritos viajen por el mundo.&nbsp; <\/p>\n\n\n\n<p>Pero creo que toda madre (o padre) de una obra tiene derecho a ser reconocido como tal. &nbsp;Siempre. &nbsp; <\/p>\n\n\n\n<h3>Por eso, esta p\u00e1gina Internet y su contenido est\u00e1n protegidas por la licencia Creative Commons : Attribution-NonCommercial-NoDerivatives 4.0 International.<\/h3>\n\n\n\n<a href=\"http:\/\/creativecommons.org\/licenses\/by-nc-nd\/4.0\/\" rel=\"license\"><img style=\"border-width:0\" alt=\"Licence Creative Commons\" src=\"https:\/\/i.creativecommons.org\/l\/by-nc-nd\/4.0\/88x31.png\"><\/a><br><span property=\"dct:title\" xmlns:dct=\"http:\/\/purl.org\/dc\/terms\/\">Por las ramas<\/span> de <a href=\"https:\/\/www.porlasramas.co\/\" rel=\"cc:attributionURL\" property=\"cc:attributionName\" xmlns:cc=\"http:\/\/creativecommons.org\/ns#\">Juanita Sanchez Mojica Deperraz<\/a> est mis \u00e0 disposition selon les termes de la <a href=\"http:\/\/creativecommons.org\/licenses\/by-nc-nd\/4.0\/\" rel=\"license\">licence Creative Commons Attribution &#8211; Pas d&#8217;Utilisation Commerciale &#8211; Pas de Modification 4.0 International<\/a>.\n\n\n\n<blockquote class=\"wp-block-quote\"><p><strong>En s\u00edntesis : <\/strong><\/p><p><strong>Mis invitados pueden descargar y compartir los art\u00edculos, fotos y v\u00eddeos de esta p\u00e1gina web (lo que se llama \u201cla versi\u00f3n original\u201d), siempre que se me reconozca y se me identifique como autora de \u00e9stos. \u00a0\u00a0<\/strong><\/p><p><strong>Juanita S\u00e1nchez Mojica Deperraz deber\u00e1 ser claramente identificada como propietaria de los derechos de autor de la publicaci\u00f3n original.<\/strong>\u00a0<\/p><p><strong>El invitado no est\u00e1 autorizado a modificar el contenido de los art\u00edculos, cuentos, fotos y v\u00eddeos de www.porlasramas.co de ninguna manera ni a utilizarlo para fines comerciales.<\/strong><\/p><\/blockquote>\n\n\n\n<p>Como dir\u00edan mis compa\u00f1eros abogados: <strong>cualquier utilizaci\u00f3n comercial del contenido publicado en www.porlasramas.co<\/strong>, as\u00ed como su reutilizaci\u00f3n o su adaptaci\u00f3n, incluyendo la utilizaci\u00f3n de partes de este o traducciones, <strong>necesitar\u00e1 la autorizaci\u00f3n previa y por escrito de Juanita&nbsp;S\u00e1nchez Mojica Deperraz<\/strong>. &nbsp;&nbsp;<\/p>\n\n\n\n<p><strong>Para obtener licencias o permisos de uso, el invitado puede comunicarse con la titular, enviando un e-mail a <a rel=\"nofollow\" href=\"mailto:contacto@porlasramas.co\">hol<\/a><a rel=\"nofollow\" href=\"mailto:contacto@porlasramas.co\">a<\/a><a rel=\"nofollow\" href=\"mailto:contacto@porlasramas.co\">@porlasramas.co. <\/a><\/strong><\/p>\n\n\n\n<p><strong>Nota<\/strong>: Las fotos de la <strong>Home page<\/strong> y de las p\u00e1ginas <strong>El por qu\u00e9 de este blog<\/strong> , <strong>Aviso legal<\/strong> y <strong>Contactemos <\/strong>son utilizadas con la autorizaci\u00f3n expresa de su autor, Conscious Design.<\/p>\n\n\n\n<p>El dibujo del Mimono, utilizado como \u00edcono para la p\u00e1gina web, me fue dado a t\u00edtulo gratuito, por la grafista <a href=\"https:\/\/www.tristanabouvier.com\/\" rel=\"nofollow\">Tristana Bouvier Crespo.<\/a><\/p>\n\n\n\n<h2>Pol\u00edtica de privacidad y enlaces externos<\/h2>\n\n\n\n<p><strong>Por las ramas propone conectar con links externos. <\/strong><\/p>\n\n\n\n<p><strong>El \u00fanico objeto de los enlaces es proporcionar al invitado la posibilidad de profundizar sobre los temas tratados accediendo a ellos<\/strong>. En ning\u00fan momento es para ofrecer o comercializar por s\u00ed o por medio de terceros la informaci\u00f3n, contenidos y servicios disponibles en los sitios enlazados. <strong>Tampoco aprueba, supervisa o controla en modo alguno los contenidos y servicios; ni cualquier material de cualquier naturaleza existente en los mismos<\/strong>. La due\u00f1a de la casa <strong>no se responsabiliza en ning\u00fan caso de los resultados que puedan derivarse al invitado por acceso a dichos enlaces. \u00a0 <\/strong><\/p>\n\n\n\n<p>Otra cosa, (de nuevo, parafraseando a mis excompa\u00f1eros): La presente Pol\u00edtica de Privacidad es v\u00e1lida \u00fanicamente para los datos de car\u00e1cter personal obtenidos en esta p\u00e1gina web. Por lo tanto, no se aplica a aquella informaci\u00f3n obtenida por terceros en otras p\u00e1ginas aqu\u00ed enlazadas donde navegue el invitado. As\u00ed las cosas, <strong>antes de proporcionar su informaci\u00f3n personal a sitios ajenos a esta web, tenga en cuenta que sus pr\u00e1cticas de privacidad pueden diferir de las m\u00edas.<\/strong><\/p>\n\n\n\n<p>Como cualquier persona que mantiene su casa en orden, me reservo el derecho a modificar la Pol\u00edtica de Privacidad de mi p\u00e1gina, de acuerdo con mi propio criterio, y (seguramente) motivada por un cambio en la legislaci\u00f3n francesa.<\/p>\n\n\n\n<h2>Acerca de las (famosas) cookies (de chocolate) <\/h2>\n\n\n\n<p>Cuando el visitante navega en Por las ramas, su computador puede ser solicitado por un peque\u00f1o fichero, generalmente llamado Cookie, que permite el buen funcionamiento de mi p\u00e1gina.&nbsp; &nbsp;&nbsp;&nbsp;<\/p>\n\n\n\n<p>&nbsp;<strong>Las cookies de Por las Ramas sirven para:<\/strong><\/p>\n\n\n\n<ul><li>Analizar la navegaci\u00f3n del visitante<\/li><li>Medir la audiencia de mi p\u00e1gina (y gracias a esta, mejorarla)<\/li><li>Compartir los contenidos publicados en el sitio con otras personas, por ejemplo, cuando se pincha el \u00abLike\u00bb de Facebook&#8230;<\/li><li>Identificar al visitante cuando comenta una de mis publicaciones.<\/li><\/ul>\n\n\n\n<h2>Servicios de terceros que utiliza esta p\u00e1gina<\/h2>\n\n\n\n<p>Para la creaci\u00f3n y funcionamiento, Por las ramas, utiliza los siguientes prestadores de servicios &nbsp;bajo sus correspondientes condiciones de privacidad:<\/p>\n\n\n\n<ul><li><strong>Hosting<\/strong>: &nbsp;OVH SAS, sociedad de derecho franc\u00e9s, au capital de 10 069 020 \u20ac, con domicilio social en 2 rue Kellermann \u2013 59100 Roubaix \u2013 France RCS Lille M\u00e9tropole 424 761 419 00045<\/li><li><strong>Plataforma web<\/strong>: WordPress.Org<\/li><\/ul>\n\n\n\n<p><\/p>\n\n\n\n<hr class=\"wp-block-separator is-style-default\"\/>\n","protected":false},"excerpt":{"rendered":"<p>Gracias por visitar mi p\u00e1gina web Por las ramas y por tomar el tiempo de leer los t\u00e9rminos y condiciones de uso. No olviden leer tambi\u00e9n las pol\u00edticas sobre Privacidad y Manejo de Informaci\u00f3n y Cookies (de chocolate). Juanita: la due\u00f1a y se\u00f1ora del blog Por las Ramas La titular de la p\u00e1gina internet y &#8230; <\/p>\n<p class=\"read-more-container\"><a title=\"Aviso legal y pol\u00edtica de privacidad\" class=\"read-more button\" href=\"https:\/\/www.porlasramas.co\/index.php\/aviso-legal-y-politica-de-privacidad\/#more-487\">Leer +<span class=\"screen-reader-text\">Aviso legal y pol\u00edtica de privacidad<\/span><\/a><\/p>\n","protected":false},"author":1,"featured_media":0,"parent":0,"menu_order":0,"comment_status":"closed","ping_status":"closed","template":"","meta":[],"yoast_head":"<!-- This site is optimized with the Yoast SEO plugin v16.0.2 - https:\/\/yoast.com\/wordpress\/plugins\/seo\/ -->\n<title>Aviso legal y pol\u00edtica de privacidad &#8902; Blog Por las ramas<\/title>\n<meta name=\"description\" content=\"Juanita S\u00e1nchez Mojica Deperraz es la titular del blog Por las ramas. Todo lo publicado en este sitio es de mi propiedad.\" \/>\n<link rel=\"canonical\" href=\"https:\/\/www.porlasramas.co\/index.php\/aviso-legal-y-politica-de-privacidad\/\" \/>\n<meta property=\"og:locale\" content=\"es_ES\" \/>\n<meta property=\"og:type\" content=\"article\" \/>\n<meta property=\"og:title\" content=\"Aviso legal y pol\u00edtica de privacidad &#8902; Blog Por las ramas\" \/>\n<meta property=\"og:description\" content=\"Juanita S\u00e1nchez Mojica Deperraz es la titular del blog Por las ramas. Todo lo publicado en este sitio es de mi propiedad.\" \/>\n<meta property=\"og:url\" content=\"https:\/\/www.porlasramas.co\/index.php\/aviso-legal-y-politica-de-privacidad\/\" \/>\n<meta property=\"og:site_name\" content=\"Por las ramas\" \/>\n<meta property=\"article:publisher\" content=\"https:\/\/www.facebook.com\/blogporlasramas\" \/>\n<meta property=\"article:modified_time\" content=\"2021-03-23T09:40:23+00:00\" \/>\n<meta property=\"og:image\" content=\"https:\/\/www.porlasramas.co\/wp-content\/uploads\/2020\/10\/mono-mira-al-frente.jpg\" \/>\n<meta name=\"twitter:card\" content=\"summary_large_image\" \/>\n<meta name=\"twitter:label1\" content=\"Tiempo de lectura\">\n\t<meta name=\"twitter:data1\" content=\"6 minutos\">\n<script type=\"application\/ld+json\" class=\"yoast-schema-graph\">{\"@context\":\"https:\/\/schema.org\",\"@graph\":[{\"@type\":\"Organization\",\"@id\":\"https:\/\/www.porlasramas.co\/#organization\",\"name\":\"Blog Por las ramas\",\"url\":\"https:\/\/www.porlasramas.co\/\",\"sameAs\":[\"https:\/\/www.facebook.com\/blogporlasramas\",\"https:\/\/www.instagram.com\/mimonoporlasramas\/?hl=fr\"],\"logo\":{\"@type\":\"ImageObject\",\"@id\":\"https:\/\/www.porlasramas.co\/#logo\",\"inLanguage\":\"es\",\"url\":\"https:\/\/www.porlasramas.co\/wp-content\/uploads\/2020\/09\/logo_por_las_ramas.png\",\"width\":1831,\"height\":1831,\"caption\":\"Blog Por las ramas\"},\"image\":{\"@id\":\"https:\/\/www.porlasramas.co\/#logo\"}},{\"@type\":\"WebSite\",\"@id\":\"https:\/\/www.porlasramas.co\/#website\",\"url\":\"https:\/\/www.porlasramas.co\/\",\"name\":\"Por las ramas\",\"description\":\"Blog sobre \\u00e1rboles\",\"publisher\":{\"@id\":\"https:\/\/www.porlasramas.co\/#organization\"},\"potentialAction\":[{\"@type\":\"SearchAction\",\"target\":\"https:\/\/www.porlasramas.co\/?s={search_term_string}\",\"query-input\":\"required name=search_term_string\"}],\"inLanguage\":\"es\"},{\"@type\":\"ImageObject\",\"@id\":\"https:\/\/www.porlasramas.co\/index.php\/aviso-legal-y-politica-de-privacidad\/#primaryimage\",\"inLanguage\":\"es\",\"url\":\"https:\/\/www.porlasramas.co\/wp-content\/uploads\/2020\/10\/mono-mira-al-frente.jpg\",\"width\":800,\"height\":532,\"caption\":\"Un mono mirando al fotografo\"},{\"@type\":\"WebPage\",\"@id\":\"https:\/\/www.porlasramas.co\/index.php\/aviso-legal-y-politica-de-privacidad\/#webpage\",\"url\":\"https:\/\/www.porlasramas.co\/index.php\/aviso-legal-y-politica-de-privacidad\/\",\"name\":\"Aviso legal y pol\\u00edtica de privacidad &#8902; Blog Por las ramas\",\"isPartOf\":{\"@id\":\"https:\/\/www.porlasramas.co\/#website\"},\"primaryImageOfPage\":{\"@id\":\"https:\/\/www.porlasramas.co\/index.php\/aviso-legal-y-politica-de-privacidad\/#primaryimage\"},\"datePublished\":\"2020-07-17T16:51:19+00:00\",\"dateModified\":\"2021-03-23T09:40:23+00:00\",\"description\":\"Juanita S\\u00e1nchez Mojica Deperraz es la titular del blog Por las ramas. Todo lo publicado en este sitio es de mi propiedad.\",\"breadcrumb\":{\"@id\":\"https:\/\/www.porlasramas.co\/index.php\/aviso-legal-y-politica-de-privacidad\/#breadcrumb\"},\"inLanguage\":\"es\",\"potentialAction\":[{\"@type\":\"ReadAction\",\"target\":[\"https:\/\/www.porlasramas.co\/index.php\/aviso-legal-y-politica-de-privacidad\/\"]}]},{\"@type\":\"BreadcrumbList\",\"@id\":\"https:\/\/www.porlasramas.co\/index.php\/aviso-legal-y-politica-de-privacidad\/#breadcrumb\",\"itemListElement\":[{\"@type\":\"ListItem\",\"position\":1,\"item\":{\"@type\":\"WebPage\",\"@id\":\"https:\/\/www.porlasramas.co\/\",\"url\":\"https:\/\/www.porlasramas.co\/\",\"name\":\"Portada\"}},{\"@type\":\"ListItem\",\"position\":2,\"item\":{\"@type\":\"WebPage\",\"@id\":\"https:\/\/www.porlasramas.co\/index.php\/aviso-legal-y-politica-de-privacidad\/\",\"url\":\"https:\/\/www.porlasramas.co\/index.php\/aviso-legal-y-politica-de-privacidad\/\",\"name\":\"Aviso legal y pol\\u00edtica de privacidad\"}}]}]}<\/script>\n<!-- \/ Yoast SEO plugin. -->","_links":{"self":[{"href":"https:\/\/www.porlasramas.co\/index.php\/wp-json\/wp\/v2\/pages\/487"}],"collection":[{"href":"https:\/\/www.porlasramas.co\/index.php\/wp-json\/wp\/v2\/pages"}],"about":[{"href":"https:\/\/www.porlasramas.co\/index.php\/wp-json\/wp\/v2\/types\/page"}],"author":[{"embeddable":true,"href":"https:\/\/www.porlasramas.co\/index.php\/wp-json\/wp\/v2\/users\/1"}],"replies":[{"embeddable":true,"href":"https:\/\/www.porlasramas.co\/index.php\/wp-json\/wp\/v2\/comments?post=487"}],"version-history":[{"count":34,"href":"https:\/\/www.porlasramas.co\/index.php\/wp-json\/wp\/v2\/pages\/487\/revisions"}],"predecessor-version":[{"id":2039,"href":"https:\/\/www.porlasramas.co\/index.php\/wp-json\/wp\/v2\/pages\/487\/revisions\/2039"}],"wp:attachment":[{"href":"https:\/\/www.porlasramas.co\/index.php\/wp-json\/wp\/v2\/media?parent=487"}],"curies":[{"name":"wp","href":"https:\/\/api.w.org\/{rel}","templated":true}]}}