{"id":138,"date":"2020-06-29T13:02:45","date_gmt":"2020-06-29T11:02:45","guid":{"rendered":"https:\/\/www.porlasramas.co\/?page_id=138"},"modified":"2020-10-31T18:28:15","modified_gmt":"2020-10-31T17:28:15","slug":"el-por-que-de-este-blog","status":"publish","type":"page","link":"https:\/\/www.porlasramas.co\/index.php\/el-por-que-de-este-blog\/","title":{"rendered":"\u00bfPor qu\u00e9 escribir Por las ramas?"},"content":{"rendered":"\n<h2>Conectarme con el bosque. Darle un lugar en el mundo. Invitarlos a conocerlo mejor y crear nuevas relaciones con \u00e9l. Es por eso que escribo este blog.<\/h2>\n\n\n\n<div class=\"wp-block-image\"><figure class=\"aligncenter size-large\"><img loading=\"lazy\" width=\"800\" height=\"532\" src=\"https:\/\/www.porlasramas.co\/wp-content\/uploads\/2020\/09\/el-porque-de-este-blog.jpg\" alt=\"un mono subiendo por las ramas\" class=\"wp-image-892\" srcset=\"https:\/\/www.porlasramas.co\/wp-content\/uploads\/2020\/09\/el-porque-de-este-blog.jpg 800w, https:\/\/www.porlasramas.co\/wp-content\/uploads\/2020\/09\/el-porque-de-este-blog-300x200.jpg 300w, https:\/\/www.porlasramas.co\/wp-content\/uploads\/2020\/09\/el-porque-de-este-blog-768x511.jpg 768w\" sizes=\"(max-width: 800px) 100vw, 800px\" \/><\/figure><\/div>\n\n\n\n<hr class=\"wp-block-separator is-style-default\"\/>\n\n\n\n<h2 class=\"has-text-align-left\">Este sitio est\u00e1 dedicado a ese lugar poblado de vida, \u00e1rboles y clorofila.<\/h2>\n\n\n\n<p class=\"has-text-align-left\">El que <strong>estaba aqu\u00ed<\/strong> mucho antes que nosotros lleg\u00e1ramos. <\/p>\n\n\n\n<p>Ese al que le debemos tanto<strong> <\/strong>y <strong>lo cortamos<\/strong> <strong>otro tanto<\/strong>.<a href=\"#_edn1\" rel=\"nofollow\">[1]<\/a><\/p>\n\n\n\n<p>Y que, a pesar de la tala indiscriminada, hoy en d\u00eda <strong>ocupa 1\/3 de la Tierra<\/strong>.<a href=\"#_edn1\" rel=\"nofollow\">[2]<\/a><\/p>\n\n\n\n<p class=\"has-text-align-left\">El que todo el mundo est\u00e1 de acuerdo que hay que <strong>cuidar<\/strong>, porque nos hemos dado cuenta que, <strong>si el perece, nosotros somos los siguientes.<\/strong><\/p>\n\n\n\n<p>Donde viven miles de especies conocidas y otras tantas por descubrir.&nbsp; <strong>El hogar de la mayor parte de la biodiversidad <\/strong>terrestre del planeta. <a href=\"#_edn1\" rel=\"nofollow\">[3]<\/a><\/p>\n\n\n\n<h3>El que no anda bien desde hace un tiempo.<\/h3>\n\n\n\n<p>Aquel cuyos ejemplares <strong>primarios<\/strong>, los que constituyen <strong>un pedazo irremplazable de nuestro patrimonio<\/strong>, siguen desapareciendo en todo el mundo.<a href=\"#_edn1\" rel=\"nofollow\">[4]<\/a><\/p>\n\n\n\n<p class=\"has-text-align-left\">Al que un d\u00eda se le protege con leyes y la ma\u00f1ana siguiente amanece <strong>devastado<\/strong>.<\/p>\n\n\n\n<p>El que nos <strong>brinda el elemento vital<\/strong>, el m\u00e1s puro, el que nos permite respirar.  <strong>Generosamente <\/strong>y sin pedirnos nada a cambio.<\/p>\n\n\n\n<h3>El que tiene que ver conmigo, y yo, citadina, a veces poco me entero.<\/h3>\n\n\n\n<hr class=\"wp-block-separator\"\/>\n\n\n\n<div class=\"wp-block-image\"><figure class=\"aligncenter size-large\"><img loading=\"lazy\" width=\"800\" height=\"450\" src=\"https:\/\/www.porlasramas.co\/wp-content\/uploads\/2020\/09\/mono-sobre-arbol.jpg\" alt=\"Hogar de especies endemicas\" class=\"wp-image-894\" srcset=\"https:\/\/www.porlasramas.co\/wp-content\/uploads\/2020\/09\/mono-sobre-arbol.jpg 800w, https:\/\/www.porlasramas.co\/wp-content\/uploads\/2020\/09\/mono-sobre-arbol-300x169.jpg 300w, https:\/\/www.porlasramas.co\/wp-content\/uploads\/2020\/09\/mono-sobre-arbol-768x432.jpg 768w\" sizes=\"(max-width: 800px) 100vw, 800px\" \/><\/figure><\/div>\n\n\n\n<hr class=\"wp-block-separator\"\/>\n\n\n\n<h2>Al bosque, lo que es del bosque.<\/h2>\n\n\n\n<p>Para empezar, les pido que <strong>llamemos \u00abbosque\u00bb a lo que realmente <em>es un <\/em><\/strong><em><strong>bosque<\/strong><\/em>: un ecosistema natural donde conviven diversas especies vegetales y animales.  <\/p>\n\n\n\n<p>Estamos hablando de <strong> un mundo con diferentes capas llenas de vida.<\/strong> Una milhoja formada de <strong>miles de organismos<\/strong>, <strong>a la vez h\u00fameda y luminosa<\/strong>.<\/p>\n\n\n\n<h3>Una comunidad de seres vivos de todas las tallas y edades; que nace, crece, vive y muere sin la intervenci\u00f3n del hombre.<\/h3>\n\n\n\n<p><strong>No lo confundamos<\/strong> con los <strong>campos de \u00e1rboles que nosotros plantamos<\/strong> para subvenir a nuestras necesidades.<a href=\"#_edn1\" rel=\"nofollow\">[5]<\/a><\/p>\n\n\n\n<h2>\u00bfPor qu\u00e9 escribir un blog sobre el bosque?<\/h2>\n\n\n\n<p><strong>Para crear un lazo con \u00e9l.  Para, en estos tiempos donde vivimos conectados a todo menos a lo esencial, reconectemos con lo vital.<\/strong><\/p>\n\n\n\n<p>Les propongo que <strong>nos interesemos a su estado actual<\/strong> y a las relaciones que los humanos mantenemos con \u00e9l.&nbsp;<\/p>\n\n\n\n<p><strong>Observ\u00e9moslo desde otro \u00e1ngulo<\/strong>. O por lo menos, intent\u00e9moslo. Tal vez as\u00ed comprendamos que <strong>su biodiversidad nos da la clave para protegerlo <\/strong>y<strong> <\/strong>lograr as\u00ed una<strong> mejor convivencia.<\/strong><\/p>\n\n\n\n<p>Les sugiero que oigamos a aquellos que lo est\u00e1n <strong>pensando de una nueva manera<\/strong> y escuchemos sus propuestas. Todo indica que es posible <strong>no tocar a los m\u00e1s<\/strong> <strong>antiguos <\/strong>y repensar la<strong> gesti\u00f3n que hacemos con los m\u00e1s nuevos<\/strong>.<\/p>\n\n\n\n<h3>Inspir\u00e9monos de \u00e9l. <\/h3>\n\n\n\n<p>Los invito a que lo <strong>sintamos<\/strong>, simplemente, con los <strong>cinco sentidos<\/strong>. Que notemos esa <strong>calma <\/strong>que se vive cuando se camina en silencio bajo sus \u00e1rboles.<\/p>\n\n\n\n<p>Tal vez podr\u00edamos empezar a mirarlo como <strong>algo m\u00e1s que un proveedor <\/strong>de bienes y servicios o como una simple reserva de <strong>materias primas<\/strong>. Por ejemplo, como un <strong>amigo <\/strong>que nos regala <strong>un momento de comuni\u00f3n<\/strong> <strong>con la naturaleza<\/strong>. O porque no, como un <strong>maestro <\/strong>que <strong>nos ense\u00f1a lo que que solo \u00e9l<\/strong> <strong>puede <\/strong>mostrarnos.<\/p>\n\n\n\n<h3 class=\"has-text-align-left\">Y vay\u00e1monos andando por sus ramas.<\/h3>\n\n\n\n<hr class=\"wp-block-separator is-style-default\"\/>\n\n\n\n<div class=\"wp-block-image\"><figure class=\"aligncenter size-large\"><img loading=\"lazy\" width=\"800\" height=\"532\" src=\"https:\/\/www.porlasramas.co\/wp-content\/uploads\/2020\/09\/mono-nos-mira.jpg\" alt=\"Como el simio en el arbol\" class=\"wp-image-901\" srcset=\"https:\/\/www.porlasramas.co\/wp-content\/uploads\/2020\/09\/mono-nos-mira.jpg 800w, https:\/\/www.porlasramas.co\/wp-content\/uploads\/2020\/09\/mono-nos-mira-300x200.jpg 300w, https:\/\/www.porlasramas.co\/wp-content\/uploads\/2020\/09\/mono-nos-mira-768x511.jpg 768w\" sizes=\"(max-width: 800px) 100vw, 800px\" \/><\/figure><\/div>\n\n\n\n<hr class=\"wp-block-separator\"\/>\n\n\n\n<h2 class=\"has-text-align-center\">BIENVENIDOS A MI BLOG.<\/h2>\n\n\n\n<h3 class=\"has-text-align-center\">Espero que disfruten ley\u00e9ndolo como yo hago escribi\u00e9ndolo.<\/h3>\n\n\n\n<hr class=\"wp-block-separator\"\/>\n\n\n\n<div class=\"wp-block-image is-style-default\"><figure class=\"aligncenter size-large\"><img loading=\"lazy\" width=\"477\" height=\"472\" src=\"https:\/\/www.porlasramas.co\/wp-content\/uploads\/2020\/09\/minono-nos-guia.jpg\" alt=\"Mimono nos lleva por las ramas\" class=\"wp-image-880\" srcset=\"https:\/\/www.porlasramas.co\/wp-content\/uploads\/2020\/09\/minono-nos-guia.jpg 477w, https:\/\/www.porlasramas.co\/wp-content\/uploads\/2020\/09\/minono-nos-guia-300x297.jpg 300w\" sizes=\"(max-width: 477px) 100vw, 477px\" \/><figcaption><br><span style=\"color:#0e2418\" class=\"has-inline-color\">&nbsp;&nbsp; \u00a9Por las ramas<\/span><\/figcaption><\/figure><\/div>\n\n\n\n<p>Mimono ser\u00e1 nuestro gu\u00eda.<\/p>\n\n\n\n<hr class=\"wp-block-separator\"\/>\n\n\n\n<p><\/p>\n\n\n\n<p class=\"has-text-color has-small-font-size\" style=\"color:#0e2418\"><a href=\"#_ednref1\">[1]<\/a> FAO y PNUMA (2020). El estado de los bosques del mundo 2020. Los bosques, la biodiversidad y las personas, Roma: FAO, p. 10.  Disponible en <a href=\"http:\/\/www.fao.org\/3\/ca8642es\/CA8642ES.pdf\"><strong>http:\/\/www.fao.org\/3\/ca8642es\/CA8642ES.pdf<\/strong><\/a>  (consultada el 7 de septiembre de 2020).<\/p>\n\n\n\n<p class=\"has-text-color has-small-font-size\" style=\"color:#0e2418\"><a href=\"#_ednref1\" rel=\"nofollow\">[2]<\/a> Ibid. p. 9<\/p>\n\n\n\n<p class=\"has-text-color has-small-font-size\" style=\"color:#0e2418\"><a href=\"#_ednref1\">[3]<\/a> Ibid. p. 35<\/p>\n\n\n\n<p class=\"has-text-color has-small-font-size\" style=\"color:#0e2418\"><a href=\"#_ednref1\">[4]<\/a> Ibid., p. 16<\/p>\n\n\n\n<p class=\"has-text-color has-small-font-size\" style=\"color:#0e2418\"><a href=\"#_ednref1\">[5]<\/a> Francis Hall\u00e9, \u00abNe prenons plus les plantations d&#8217;arbres pour des for\u00eats\u00bb, Le Monde.  Disponible en  <strong><a href=\"https:\/\/www.lemonde.fr\/idees\/article\/2020\/08\/15\/ne-prenons-plus-les-plantations-d-arbres-pour-des-forets_6049004_3232.html\">https:\/\/www.lemonde.fr\/idees\/article\/2020\/08\/15\/ne-prenons-plus-les-plantations-d-arbres-pour-des-forets_6049004_3232.html <\/a><\/strong>(consultada el 25 de septiembre de 2020).<\/p>\n\n\n\n<hr class=\"wp-block-separator\"\/>\n\n\n\n<p><\/p>\n","protected":false},"excerpt":{"rendered":"<p>Conectarme con el bosque. Darle un lugar en el mundo. Invitarlos a conocerlo mejor y crear nuevas relaciones con \u00e9l. Es por eso que escribo este blog. Este sitio est\u00e1 dedicado a ese lugar poblado de vida, \u00e1rboles y clorofila. El que estaba aqu\u00ed mucho antes que nosotros lleg\u00e1ramos. Ese al que le debemos tanto &#8230; <\/p>\n<p class=\"read-more-container\"><a title=\"\u00bfPor qu\u00e9 escribir Por las ramas?\" class=\"read-more button\" href=\"https:\/\/www.porlasramas.co\/index.php\/el-por-que-de-este-blog\/#more-138\">Leer +<span class=\"screen-reader-text\">\u00bfPor qu\u00e9 escribir Por las ramas?<\/span><\/a><\/p>\n","protected":false},"author":1,"featured_media":0,"parent":0,"menu_order":0,"comment_status":"closed","ping_status":"closed","template":"","meta":[],"yoast_head":"<!-- This site is optimized with the Yoast SEO plugin v16.0.2 - https:\/\/yoast.com\/wordpress\/plugins\/seo\/ -->\n<title>\u00bfPor qu\u00e9 escribir Por las ramas? &#8902; Blog para conectar con el bosque<\/title>\n<meta name=\"description\" content=\"Conexi\u00f3n con el bosque. Darle un lugar en el mundo. Crear nuevas relaciones con \u00e9l. Ese es el porqu\u00e9 de escribir el blog Por las ramas.\" \/>\n<link rel=\"canonical\" href=\"https:\/\/www.porlasramas.co\/index.php\/el-por-que-de-este-blog\/\" \/>\n<meta property=\"og:locale\" content=\"es_ES\" \/>\n<meta property=\"og:type\" content=\"article\" \/>\n<meta property=\"og:title\" content=\"\u00bfPor qu\u00e9 escribir Por las ramas? &#8902; Blog para conectar con el bosque\" \/>\n<meta property=\"og:description\" content=\"Conexi\u00f3n con el bosque. Darle un lugar en el mundo. Crear nuevas relaciones con \u00e9l. Ese es el porqu\u00e9 de escribir el blog Por las ramas.\" \/>\n<meta property=\"og:url\" content=\"https:\/\/www.porlasramas.co\/index.php\/el-por-que-de-este-blog\/\" \/>\n<meta property=\"og:site_name\" content=\"Por las ramas\" \/>\n<meta property=\"article:publisher\" content=\"https:\/\/www.facebook.com\/blogporlasramas\" \/>\n<meta property=\"article:modified_time\" content=\"2020-10-31T17:28:15+00:00\" \/>\n<meta property=\"og:image\" content=\"https:\/\/www.porlasramas.co\/wp-content\/uploads\/2020\/09\/el-porque-de-este-blog.jpg\" \/>\n<meta name=\"twitter:card\" content=\"summary_large_image\" \/>\n<meta name=\"twitter:label1\" content=\"Tiempo de lectura\">\n\t<meta name=\"twitter:data1\" content=\"3 minutos\">\n<script type=\"application\/ld+json\" class=\"yoast-schema-graph\">{\"@context\":\"https:\/\/schema.org\",\"@graph\":[{\"@type\":\"Organization\",\"@id\":\"https:\/\/www.porlasramas.co\/#organization\",\"name\":\"Blog Por las ramas\",\"url\":\"https:\/\/www.porlasramas.co\/\",\"sameAs\":[\"https:\/\/www.facebook.com\/blogporlasramas\",\"https:\/\/www.instagram.com\/mimonoporlasramas\/?hl=fr\"],\"logo\":{\"@type\":\"ImageObject\",\"@id\":\"https:\/\/www.porlasramas.co\/#logo\",\"inLanguage\":\"es\",\"url\":\"https:\/\/www.porlasramas.co\/wp-content\/uploads\/2020\/09\/logo_por_las_ramas.png\",\"width\":1831,\"height\":1831,\"caption\":\"Blog Por las ramas\"},\"image\":{\"@id\":\"https:\/\/www.porlasramas.co\/#logo\"}},{\"@type\":\"WebSite\",\"@id\":\"https:\/\/www.porlasramas.co\/#website\",\"url\":\"https:\/\/www.porlasramas.co\/\",\"name\":\"Por las ramas\",\"description\":\"Blog sobre \\u00e1rboles\",\"publisher\":{\"@id\":\"https:\/\/www.porlasramas.co\/#organization\"},\"potentialAction\":[{\"@type\":\"SearchAction\",\"target\":\"https:\/\/www.porlasramas.co\/?s={search_term_string}\",\"query-input\":\"required name=search_term_string\"}],\"inLanguage\":\"es\"},{\"@type\":\"ImageObject\",\"@id\":\"https:\/\/www.porlasramas.co\/index.php\/el-por-que-de-este-blog\/#primaryimage\",\"inLanguage\":\"es\",\"url\":\"https:\/\/www.porlasramas.co\/wp-content\/uploads\/2020\/09\/el-porque-de-este-blog.jpg\",\"width\":800,\"height\":532,\"caption\":\"un mono subiendo por las ramas\"},{\"@type\":\"WebPage\",\"@id\":\"https:\/\/www.porlasramas.co\/index.php\/el-por-que-de-este-blog\/#webpage\",\"url\":\"https:\/\/www.porlasramas.co\/index.php\/el-por-que-de-este-blog\/\",\"name\":\"\\u00bfPor qu\\u00e9 escribir Por las ramas? &#8902; Blog para conectar con el bosque\",\"isPartOf\":{\"@id\":\"https:\/\/www.porlasramas.co\/#website\"},\"primaryImageOfPage\":{\"@id\":\"https:\/\/www.porlasramas.co\/index.php\/el-por-que-de-este-blog\/#primaryimage\"},\"datePublished\":\"2020-06-29T11:02:45+00:00\",\"dateModified\":\"2020-10-31T17:28:15+00:00\",\"description\":\"Conexi\\u00f3n con el bosque. Darle un lugar en el mundo. Crear nuevas relaciones con \\u00e9l. Ese es el porqu\\u00e9 de escribir el blog Por las ramas.\",\"breadcrumb\":{\"@id\":\"https:\/\/www.porlasramas.co\/index.php\/el-por-que-de-este-blog\/#breadcrumb\"},\"inLanguage\":\"es\",\"potentialAction\":[{\"@type\":\"ReadAction\",\"target\":[\"https:\/\/www.porlasramas.co\/index.php\/el-por-que-de-este-blog\/\"]}]},{\"@type\":\"BreadcrumbList\",\"@id\":\"https:\/\/www.porlasramas.co\/index.php\/el-por-que-de-este-blog\/#breadcrumb\",\"itemListElement\":[{\"@type\":\"ListItem\",\"position\":1,\"item\":{\"@type\":\"WebPage\",\"@id\":\"https:\/\/www.porlasramas.co\/\",\"url\":\"https:\/\/www.porlasramas.co\/\",\"name\":\"Portada\"}},{\"@type\":\"ListItem\",\"position\":2,\"item\":{\"@type\":\"WebPage\",\"@id\":\"https:\/\/www.porlasramas.co\/index.php\/el-por-que-de-este-blog\/\",\"url\":\"https:\/\/www.porlasramas.co\/index.php\/el-por-que-de-este-blog\/\",\"name\":\"\\u00bfPor qu\\u00e9 escribir Por las ramas?\"}}]}]}<\/script>\n<!-- \/ Yoast SEO plugin. -->","_links":{"self":[{"href":"https:\/\/www.porlasramas.co\/index.php\/wp-json\/wp\/v2\/pages\/138"}],"collection":[{"href":"https:\/\/www.porlasramas.co\/index.php\/wp-json\/wp\/v2\/pages"}],"about":[{"href":"https:\/\/www.porlasramas.co\/index.php\/wp-json\/wp\/v2\/types\/page"}],"author":[{"embeddable":true,"href":"https:\/\/www.porlasramas.co\/index.php\/wp-json\/wp\/v2\/users\/1"}],"replies":[{"embeddable":true,"href":"https:\/\/www.porlasramas.co\/index.php\/wp-json\/wp\/v2\/comments?post=138"}],"version-history":[{"count":166,"href":"https:\/\/www.porlasramas.co\/index.php\/wp-json\/wp\/v2\/pages\/138\/revisions"}],"predecessor-version":[{"id":1266,"href":"https:\/\/www.porlasramas.co\/index.php\/wp-json\/wp\/v2\/pages\/138\/revisions\/1266"}],"wp:attachment":[{"href":"https:\/\/www.porlasramas.co\/index.php\/wp-json\/wp\/v2\/media?parent=138"}],"curies":[{"name":"wp","href":"https:\/\/api.w.org\/{rel}","templated":true}]}}