{"id":1067,"date":"2020-10-23T17:49:50","date_gmt":"2020-10-23T15:49:50","guid":{"rendered":"https:\/\/www.porlasramas.co\/?page_id=1067"},"modified":"2020-10-31T18:26:57","modified_gmt":"2020-10-31T17:26:57","slug":"quien-es-mimono","status":"publish","type":"page","link":"https:\/\/www.porlasramas.co\/index.php\/quien-es-mimono\/","title":{"rendered":"\u00bfQui\u00e9n es Mimono?"},"content":{"rendered":"\n<h2 class=\"has-text-align-left\">\u00bfUn migrante del tercer mundo? \u00bfUn poeta? \u00bfUn artista que quiere conectarse con el bosque? Todo eso a la vez.<\/h2>\n\n\n\n<div class=\"wp-block-image\"><figure class=\"aligncenter size-large\"><img loading=\"lazy\" width=\"800\" height=\"600\" src=\"https:\/\/www.porlasramas.co\/wp-content\/uploads\/2020\/10\/presentando-a-mimono.jpg\" alt=\"Quien es Mimono\" class=\"wp-image-1071\" srcset=\"https:\/\/www.porlasramas.co\/wp-content\/uploads\/2020\/10\/presentando-a-mimono.jpg 800w, https:\/\/www.porlasramas.co\/wp-content\/uploads\/2020\/10\/presentando-a-mimono-300x225.jpg 300w, https:\/\/www.porlasramas.co\/wp-content\/uploads\/2020\/10\/presentando-a-mimono-768x576.jpg 768w\" sizes=\"(max-width: 800px) 100vw, 800px\" \/><figcaption><br>\u00a9Por las ramas<\/figcaption><\/figure><\/div>\n\n\n\n<hr class=\"wp-block-separator\"\/>\n\n\n\n<blockquote class=\"wp-block-quote\"><p><strong>\u00bfQui\u00e9n es Mimono? <em>Primer mico amaz\u00f3nico exiliado en Europa. <em>V\u00edctima de la deforestaci\u00f3n<\/em><\/em>,<em> el cofundador de Por las Ramas es un personaje sorprendente. Intelectual y artista, sus ra\u00edces las dej\u00f3 en la selva, su vida la hizo en la ciudad. Aunque sufre de un trauma de infancia, quiere conectarse con el bosque.<\/em> Es por eso que ha creado este blog.<\/strong><\/p><\/blockquote>\n\n\n\n<p>De Mimono s\u00e9 algunas cosas. <strong>Vive conmigo en Annecy, pero hace poco nos conocemos<\/strong>. Cuando habla de su vida, lo hace de forma desordenada. <strong>Su relato tiene huecos<\/strong>, lagunas, lo cuenta como saltando baches. He notado que le pasa \u00fanicamente cuando cuenta su historia. De resto, todo lo que habla lo hace con una l\u00f3gica impresionante.<\/p>\n\n\n\n<p>Suele hablar de su vida en el primer mundo, en especial de sus profesores y de los libros que ha le\u00eddo. <strong>Tuve los mejores maestros, me dice.<\/strong> Le creo, nunca hab\u00eda conocido alguien como \u00e9l. Sin embargo, he notado que <strong>tiene cierta reticencia con sus or\u00edgenes mon\u00edsticos<\/strong>&#8230; <strong>incluido todo lo que tenga relaci\u00f3n con los \u00e1rboles.<\/strong><\/p>\n\n\n\n<p>Mi nuevo amigo es un personaje fascinante. No paro de hablar de \u00e9l. Los que me conocen me preguntan, <\/p>\n\n\n\n<h3>Pero Juanita, \u00bfqui\u00e9n es Mimono? <\/h3>\n\n\n\n<p>He aqu\u00ed lo que me ha contado de su vida.<\/p>\n\n\n\n<hr class=\"wp-block-separator\"\/>\n\n\n\n<h2>Mimono: una v\u00edctima de la deforestaci\u00f3n en Amazonia<\/h2>\n\n\n\n<p><strong>El beb\u00e9 Mimono viv\u00eda con sus padres y sus hermanos en alg\u00fan lugar de la selva Amaz\u00f3nica<\/strong>. Una ma\u00f1ana llegaron unos hombres con unas m\u00e1quinas que hac\u00edan ruido y comenzaron a cortar \u00e1rboles. Intensamente. Varios d\u00edas con sus noches. Una madrugada, antes que el sol se levantara, empezaron a oler a humo. Se despertaron: \u00a0<strong>alrededor de ellos todo era un inmenso incendio.<\/strong> Toda la tribu de micos sali\u00f3 huyendo. En el desorden reinante Mimono perdi\u00f3 a su familia. De los d\u00edas que siguieron tiene pocos recuerdos. <strong>Algo se acuerda de un pueblo y de errar sin rumbo durante un tiempo.<\/strong><\/p>\n\n\n\n<p>Parece ser que <strong>en Manaos tom\u00f3 una lancha que lo llev\u00f3 a R\u00edo de Janeiro. De ah\u00ed, un barco lo llev\u00f3 a Inglaterra<\/strong>.<\/p>\n\n\n\n<p><strong>Todo indicaba su perdida<\/strong>. Ni familia, ni amigos, ni nadie que lo ayudase: <strong>el miquito divagaba en medio del enorme oc\u00e9ano Atl\u00e1ntico.<\/strong><\/p>\n\n\n\n<h3>Y sin embargo, este mono amaz\u00f3nico es un <em>warrior<\/em>: es la primera v\u00edctima de la violencia forestal en Amazonia que logra integrarse en Europa.<\/h3>\n\n\n\n<hr class=\"wp-block-separator\"\/>\n\n\n\n<h2>De mico amaz\u00f3nico a ciudadano europeo<\/h2>\n\n\n\n<p><strong>En Inglaterra vivi\u00f3 con un par de poetas<\/strong>. Fueron ellos los que <strong>le ense\u00f1aron a leer y escribir<\/strong>. Con ellos estudi\u00f3 la ret\u00f3rica y las obras de grandes autores: Ovidio, Horacio, Lucrecio, Homero y \u00a0<strong>Virgilio\u2026 <em>the big boss<\/em> como lo llama \u00e9l<\/strong>. \u00a0<\/p>\n\n\n\n<h3>Todo indica que<em> The British period <\/em>tambi\u00e9n le dej\u00f3 la pasi\u00f3n por la m\u00fasica.<\/h3>\n\n\n\n<p>Siguiendo a un fil\u00f3sofo de origen portugu\u00e9s, se march\u00f3 a Pa\u00edses Bajos. Su nuevo <em>Master <\/em>ten\u00eda muchos amigos, en especial alemanes. Todo ellos lo iniciaron a Plat\u00f3n, a Arist\u00f3teles\u2026 a la Torah y a la Biblia. \u00a0<\/p>\n\n\n\n<h3>Mi amigo es el primer mono que pasa su ni\u00f1ez en las bibliotecas.<\/h3>\n\n\n\n<p><strong>Su adolescencia la pas\u00f3 con un grupo de alemanes bohemios en Par\u00eds<\/strong>. Su inter\u00e9s por la aritm\u00e9tica, la geometr\u00eda y <strong>la biolog\u00eda<\/strong> vendr\u00edan con ellos. <\/p>\n\n\n\n<p><strong>Poco me habla de su parte art\u00edstica<\/strong>. Prefiero mostrarte lo que hago, me dice. Por sus dibujos y el uso desmedido que hace del color, deduzco que <strong>habit\u00f3 un tiempo con un pintor<\/strong>.\u00a0<\/p>\n\n\n\n<h3>Su amor por el buen vino viene tambi\u00e9n de esa <em>belle \u00e9poqu<\/em>e, como la llama \u00e9l.<\/h3>\n\n\n\n<p>Mimono habla con facilidad de historia y de geograf\u00eda. <strong>Tiene respuesta a todo, parece Mary Poppins<\/strong>: se la pasa con una maleta peque\u00f1ita pero llena de libros y de objetos. Me cita autores, declama poemas. Me pide que lo lleve donde mis suegros \u00fanicamente para tocar el piano.\u00a0<\/p>\n\n\n\n<h3> Adem\u00e1s es pol\u00edglota: seis idiomas humanos en su haber y otro tanto de lenguas simiescas. <\/h3>\n\n\n\n<p>Cuando muri\u00f3 <strong>el \u00faltimo de sus maestros, el director del teatro Le Globe<\/strong>, el peque\u00f1o mico fue metido (junto con varios libros) dentro de una caja que pusieron bajo llave en un desv\u00e1n. <strong>No s\u00e9 cu\u00e1nto tiempo<\/strong> <strong>estuve encerrado<\/strong>, <strong>\u00a0sin ver la luz del sol<\/strong>, me dijo. <strong>No sabe a ciencia cierta c\u00f3mo escap\u00f3.<\/strong><\/p>\n\n\n\n<hr class=\"wp-block-separator\"\/>\n\n\n\n<h2>Desconectado del bosque, incapaz de subirse a una rama y sin embargo cofundador de Por las Ramas<\/h2>\n\n\n\n<p>Deambul\u00f3 unos meses por le <em>bois de Boulogne<\/em> andando por los senderos, comiendo lo que dejaban los visitantes y sobre todo, evitando subirse a los \u00e1rboles.  <\/p>\n\n\n\n<h3>Sin embargo, en esa \u00e9poca triste, el m\u00e1s europeo de los micos de la selva amaz\u00f3nica descubri\u00f3 las zonas de juego para los ni\u00f1os.<\/h3>\n\n\n\n<figure class=\"wp-block-gallery aligncenter columns-2 is-cropped\"><ul class=\"blocks-gallery-grid\"><li class=\"blocks-gallery-item\"><figure><img loading=\"lazy\" width=\"800\" height=\"600\" src=\"https:\/\/www.porlasramas.co\/wp-content\/uploads\/2020\/10\/mimono-parque.jpg\" alt=\"Mimono en la zona de juegos\" data-id=\"1114\" data-full-url=\"https:\/\/www.porlasramas.co\/wp-content\/uploads\/2020\/10\/mimono-parque.jpg\" data-link=\"https:\/\/www.porlasramas.co\/mimono-parque\/\" class=\"wp-image-1114\" srcset=\"https:\/\/www.porlasramas.co\/wp-content\/uploads\/2020\/10\/mimono-parque.jpg 800w, https:\/\/www.porlasramas.co\/wp-content\/uploads\/2020\/10\/mimono-parque-300x225.jpg 300w, https:\/\/www.porlasramas.co\/wp-content\/uploads\/2020\/10\/mimono-parque-768x576.jpg 768w\" sizes=\"(max-width: 800px) 100vw, 800px\" \/><figcaption class=\"blocks-gallery-item__caption\">\u00a9Por las ramas<\/figcaption><\/figure><\/li><li class=\"blocks-gallery-item\"><figure><img loading=\"lazy\" width=\"800\" height=\"600\" src=\"https:\/\/www.porlasramas.co\/wp-content\/uploads\/2020\/10\/mimono-monadas.jpg\" alt=\"El mono amazonico descubre el parque\" data-id=\"1115\" data-full-url=\"https:\/\/www.porlasramas.co\/wp-content\/uploads\/2020\/10\/mimono-monadas.jpg\" data-link=\"https:\/\/www.porlasramas.co\/mimono-monadas\/\" class=\"wp-image-1115\" srcset=\"https:\/\/www.porlasramas.co\/wp-content\/uploads\/2020\/10\/mimono-monadas.jpg 800w, https:\/\/www.porlasramas.co\/wp-content\/uploads\/2020\/10\/mimono-monadas-300x225.jpg 300w, https:\/\/www.porlasramas.co\/wp-content\/uploads\/2020\/10\/mimono-monadas-768x576.jpg 768w\" sizes=\"(max-width: 800px) 100vw, 800px\" \/><figcaption class=\"blocks-gallery-item__caption\">\u00a9Por las ramas<\/figcaption><\/figure><\/li><\/ul><figcaption class=\"blocks-gallery-caption\"><br>Haciendo monadas se sinti\u00f3 feliz<\/figcaption><\/figure>\n\n\n\n<p><strong>Siempre me he preguntado \u00bfSer\u00eda ah\u00ed donde el simio exiliado empez\u00f3 a extra\u00f1ar los \u00e1rboles?<\/strong><\/p>\n\n\n\n<p>Un d\u00eda, siguiendo a un grupo de turistas japoneses que le tiraban cacahuetes, oy\u00f3 la historia que el gu\u00eda les contaba sobre el <em>bois de Boulogne<\/em>: <strong><em>este lugar es lo que queda de un antiguo robledal negro<\/em><\/strong>, les explicaba. <strong>En ese momento, cuenta Mimono, algo dentro de m\u00ed se abri\u00f3<\/strong>. No sabe c\u00f3mo ni por qu\u00e9, pero me asegura que <strong>en ese preciso instante su inter\u00e9s por el bosque naci\u00f3.<\/strong><\/p>\n\n\n\n<h3>Le pas\u00f3 lo mismo con los Alpes.<\/h3>\n\n\n\n<p>Sin saber realmente por qu\u00e9, decidi\u00f3 conocer esa cordillera. <strong>Alex siempre me hablaba de ella, me dijo<\/strong> (Alex es uno de sus maestros alemanes. Otro d\u00eda les cuento de \u00e9l).<\/p>\n\n\n\n<p>Hizo el trayecto Par\u00eds-Annecy en un cami\u00f3n de mudanza que se dirig\u00eda a Lausana.&nbsp;&nbsp;<\/p>\n\n\n\n<h3>Miquito exc\u00e9ntrico, intelectual y 100% artista. Ese es mi amigo.<\/h3>\n\n\n\n<p><strong>M\u00e1s lo conozco y m\u00e1s me convenzo: Mimono es extraordinario.\u00a0 <\/strong><\/p>\n\n\n\n<p>Pero lo realmente incre\u00edble con este simio, fueron las confesiones que me hizo unas semanas despu\u00e9s de habernos conocido:<\/p>\n\n\n\n<blockquote class=\"wp-block-quote\"><p>1.  <strong>A Mimono el destierro le cre\u00f3 un trauma: le es imposible subirse a las copas de los \u00e1rboles.<\/strong><\/p><p>2.<strong>  Su sue\u00f1o: alg\u00fan d\u00eda volver a ver el r\u00edo Amazonas.<\/strong><\/p><p>3.  <strong>Las frases que marcar\u00edan el resto de nuestras vidas:<\/strong> <strong>Juanita, v\u00e1monos Por las ramas. Creemos un blog y <a href=\"https:\/\/www.porlasramas.co\/index.php\/el-por-que-de-este-blog\/\">reconect\u00e9monos con el bosque<\/a>.<\/strong><\/p><\/blockquote>\n\n\n\n<hr class=\"wp-block-separator\"\/>\n\n\n\n<h3 class=\"has-text-align-center\">\u00bfQui\u00e9n es Mimono?<\/h3>\n\n\n\n<div class=\"wp-block-image\"><figure class=\"aligncenter size-large\"><img loading=\"lazy\" width=\"640\" height=\"480\" src=\"https:\/\/www.porlasramas.co\/wp-content\/uploads\/2020\/10\/mimono-mira-arboles.jpg\" alt=\"Mimono mira las lejanas copas de los arboles\" class=\"wp-image-1084\" srcset=\"https:\/\/www.porlasramas.co\/wp-content\/uploads\/2020\/10\/mimono-mira-arboles.jpg 640w, https:\/\/www.porlasramas.co\/wp-content\/uploads\/2020\/10\/mimono-mira-arboles-300x225.jpg 300w\" sizes=\"(max-width: 640px) 100vw, 640px\" \/><figcaption>\u00a9Por las ramas<\/figcaption><\/figure><\/div>\n\n\n\n<h3 class=\"has-text-align-center\">Ese es \u00e9l. Todo eso a la vez.<\/h3>\n\n\n\n<hr class=\"wp-block-separator\"\/>\n\n\n\n<blockquote class=\"wp-block-quote\"><p><strong><em>\u00bfEl <a href=\"https:\/\/www.porlasramas.co\/\">blog Por las ramas <\/a>lo ayudar\u00e1<\/em> <em>a superar sus traumas?<\/em><\/strong><\/p><\/blockquote>\n","protected":false},"excerpt":{"rendered":"<p>\u00bfUn migrante del tercer mundo? \u00bfUn poeta? \u00bfUn artista que quiere conectarse con el bosque? Todo eso a la vez. \u00bfQui\u00e9n es Mimono? Primer mico amaz\u00f3nico exiliado en Europa. V\u00edctima de la deforestaci\u00f3n, el cofundador de Por las Ramas es un personaje sorprendente. Intelectual y artista, sus ra\u00edces las dej\u00f3 en la selva, su vida &#8230; <\/p>\n<p class=\"read-more-container\"><a title=\"\u00bfQui\u00e9n es Mimono?\" class=\"read-more button\" href=\"https:\/\/www.porlasramas.co\/index.php\/quien-es-mimono\/#more-1067\">Leer +<span class=\"screen-reader-text\">\u00bfQui\u00e9n es Mimono?<\/span><\/a><\/p>\n","protected":false},"author":1,"featured_media":0,"parent":0,"menu_order":0,"comment_status":"closed","ping_status":"closed","template":"","meta":[],"yoast_head":"<!-- This site is optimized with the Yoast SEO plugin v16.0.2 - https:\/\/yoast.com\/wordpress\/plugins\/seo\/ -->\n<title>\u00bfQui\u00e9n es Mimono? &#8902; Mico amaz\u00f3nico&#8902; Conecta con bosque&#8902; Por las ramas<\/title>\n<meta name=\"description\" content=\"Mono v\u00edctima de la deforestaci\u00f3n en Amazonia. Sufre de acrofobia. Quiere conectarse con el bosque. Cofundador de Por las ramas.\" \/>\n<link rel=\"canonical\" href=\"https:\/\/www.porlasramas.co\/index.php\/quien-es-mimono\/\" \/>\n<meta property=\"og:locale\" content=\"es_ES\" \/>\n<meta property=\"og:type\" content=\"article\" \/>\n<meta property=\"og:title\" content=\"\u00bfQui\u00e9n es Mimono? &#8902; Mico amaz\u00f3nico&#8902; Conecta con bosque&#8902; Por las ramas\" \/>\n<meta property=\"og:description\" content=\"Mono v\u00edctima de la deforestaci\u00f3n en Amazonia. Sufre de acrofobia. Quiere conectarse con el bosque. Cofundador de Por las ramas.\" \/>\n<meta property=\"og:url\" content=\"https:\/\/www.porlasramas.co\/index.php\/quien-es-mimono\/\" \/>\n<meta property=\"og:site_name\" content=\"Por las ramas\" \/>\n<meta property=\"article:publisher\" content=\"https:\/\/www.facebook.com\/blogporlasramas\" \/>\n<meta property=\"article:modified_time\" content=\"2020-10-31T17:26:57+00:00\" \/>\n<meta property=\"og:image\" content=\"https:\/\/www.porlasramas.co\/wp-content\/uploads\/2020\/10\/presentando-a-mimono.jpg\" \/>\n<meta name=\"twitter:card\" content=\"summary_large_image\" \/>\n<meta name=\"twitter:label1\" content=\"Tiempo de lectura\">\n\t<meta name=\"twitter:data1\" content=\"6 minutos\">\n<script type=\"application\/ld+json\" class=\"yoast-schema-graph\">{\"@context\":\"https:\/\/schema.org\",\"@graph\":[{\"@type\":\"Organization\",\"@id\":\"https:\/\/www.porlasramas.co\/#organization\",\"name\":\"Blog Por las ramas\",\"url\":\"https:\/\/www.porlasramas.co\/\",\"sameAs\":[\"https:\/\/www.facebook.com\/blogporlasramas\",\"https:\/\/www.instagram.com\/mimonoporlasramas\/?hl=fr\"],\"logo\":{\"@type\":\"ImageObject\",\"@id\":\"https:\/\/www.porlasramas.co\/#logo\",\"inLanguage\":\"es\",\"url\":\"https:\/\/www.porlasramas.co\/wp-content\/uploads\/2020\/09\/logo_por_las_ramas.png\",\"width\":1831,\"height\":1831,\"caption\":\"Blog Por las ramas\"},\"image\":{\"@id\":\"https:\/\/www.porlasramas.co\/#logo\"}},{\"@type\":\"WebSite\",\"@id\":\"https:\/\/www.porlasramas.co\/#website\",\"url\":\"https:\/\/www.porlasramas.co\/\",\"name\":\"Por las ramas\",\"description\":\"Blog sobre \\u00e1rboles\",\"publisher\":{\"@id\":\"https:\/\/www.porlasramas.co\/#organization\"},\"potentialAction\":[{\"@type\":\"SearchAction\",\"target\":\"https:\/\/www.porlasramas.co\/?s={search_term_string}\",\"query-input\":\"required name=search_term_string\"}],\"inLanguage\":\"es\"},{\"@type\":\"ImageObject\",\"@id\":\"https:\/\/www.porlasramas.co\/index.php\/quien-es-mimono\/#primaryimage\",\"inLanguage\":\"es\",\"url\":\"https:\/\/www.porlasramas.co\/wp-content\/uploads\/2020\/10\/presentando-a-mimono.jpg\",\"width\":800,\"height\":600,\"caption\":\"Quien es Mimono\"},{\"@type\":\"WebPage\",\"@id\":\"https:\/\/www.porlasramas.co\/index.php\/quien-es-mimono\/#webpage\",\"url\":\"https:\/\/www.porlasramas.co\/index.php\/quien-es-mimono\/\",\"name\":\"\\u00bfQui\\u00e9n es Mimono? &#8902; Mico amaz\\u00f3nico&#8902; Conecta con bosque&#8902; Por las ramas\",\"isPartOf\":{\"@id\":\"https:\/\/www.porlasramas.co\/#website\"},\"primaryImageOfPage\":{\"@id\":\"https:\/\/www.porlasramas.co\/index.php\/quien-es-mimono\/#primaryimage\"},\"datePublished\":\"2020-10-23T15:49:50+00:00\",\"dateModified\":\"2020-10-31T17:26:57+00:00\",\"description\":\"Mono v\\u00edctima de la deforestaci\\u00f3n en Amazonia. Sufre de acrofobia. Quiere conectarse con el bosque. Cofundador de Por las ramas.\",\"breadcrumb\":{\"@id\":\"https:\/\/www.porlasramas.co\/index.php\/quien-es-mimono\/#breadcrumb\"},\"inLanguage\":\"es\",\"potentialAction\":[{\"@type\":\"ReadAction\",\"target\":[\"https:\/\/www.porlasramas.co\/index.php\/quien-es-mimono\/\"]}]},{\"@type\":\"BreadcrumbList\",\"@id\":\"https:\/\/www.porlasramas.co\/index.php\/quien-es-mimono\/#breadcrumb\",\"itemListElement\":[{\"@type\":\"ListItem\",\"position\":1,\"item\":{\"@type\":\"WebPage\",\"@id\":\"https:\/\/www.porlasramas.co\/\",\"url\":\"https:\/\/www.porlasramas.co\/\",\"name\":\"Portada\"}},{\"@type\":\"ListItem\",\"position\":2,\"item\":{\"@type\":\"WebPage\",\"@id\":\"https:\/\/www.porlasramas.co\/index.php\/quien-es-mimono\/\",\"url\":\"https:\/\/www.porlasramas.co\/index.php\/quien-es-mimono\/\",\"name\":\"\\u00bfQui\\u00e9n es Mimono?\"}}]}]}<\/script>\n<!-- \/ Yoast SEO plugin. -->","_links":{"self":[{"href":"https:\/\/www.porlasramas.co\/index.php\/wp-json\/wp\/v2\/pages\/1067"}],"collection":[{"href":"https:\/\/www.porlasramas.co\/index.php\/wp-json\/wp\/v2\/pages"}],"about":[{"href":"https:\/\/www.porlasramas.co\/index.php\/wp-json\/wp\/v2\/types\/page"}],"author":[{"embeddable":true,"href":"https:\/\/www.porlasramas.co\/index.php\/wp-json\/wp\/v2\/users\/1"}],"replies":[{"embeddable":true,"href":"https:\/\/www.porlasramas.co\/index.php\/wp-json\/wp\/v2\/comments?post=1067"}],"version-history":[{"count":107,"href":"https:\/\/www.porlasramas.co\/index.php\/wp-json\/wp\/v2\/pages\/1067\/revisions"}],"predecessor-version":[{"id":1265,"href":"https:\/\/www.porlasramas.co\/index.php\/wp-json\/wp\/v2\/pages\/1067\/revisions\/1265"}],"wp:attachment":[{"href":"https:\/\/www.porlasramas.co\/index.php\/wp-json\/wp\/v2\/media?parent=1067"}],"curies":[{"name":"wp","href":"https:\/\/api.w.org\/{rel}","templated":true}]}}